{"id":4104,"date":"2020-08-17T21:38:23","date_gmt":"2020-08-17T19:38:23","guid":{"rendered":"https:\/\/www.kbecan.com\/?page_id=4104"},"modified":"2025-09-03T15:21:09","modified_gmt":"2025-09-03T13:21:09","slug":"en-dan-plezanja-v-sloveniji","status":"publish","type":"page","link":"https:\/\/www.kbecan.com\/sl\/storitve\/en-dan-plezanja-v-sloveniji\/","title":{"rendered":"En dan plezanja v Sloveniji"},"content":{"rendered":"<div id=\"pl-4104\"  class=\"panel-layout\" ><div id=\"pg-4104-0\"  class=\"panel-grid panel-no-style\" ><div id=\"pgc-4104-0-0\"  class=\"panel-grid-cell panel-grid-cell-empty\" ><\/div><\/div><div id=\"pg-4104-1\"  class=\"panel-grid panel-no-style\" ><div id=\"pgc-4104-1-0\"  class=\"panel-grid-cell\" ><div id=\"panel-4104-1-0-0\" class=\"so-panel widget widget_sow-editor panel-first-child panel-last-child\" data-index=\"0\" ><div\n\t\t\t\n\t\t\tclass=\"so-widget-sow-editor so-widget-sow-editor-base\"\n\t\t\t\n\t\t>\n<div class=\"siteorigin-widget-tinymce textwidget\">\n\t<h2>En dan plezanja v Sloveniji<\/h2>\n<h3><span style=\"color: #2e3b4e; font-weight: 300;\">Plezalska do\u017eivetja po vsej Sloveniji skozi celotno leto<\/span><\/h3>\n<\/div>\n<\/div><\/div><\/div><\/div><div id=\"pg-4104-2\"  class=\"panel-grid panel-no-style\" ><div id=\"pgc-4104-2-0\"  class=\"panel-grid-cell\" ><div id=\"panel-4104-2-0-0\" class=\"so-panel widget widget_sow-editor panel-first-child panel-last-child\" data-index=\"1\" ><div\n\t\t\t\n\t\t\tclass=\"so-widget-sow-editor so-widget-sow-editor-base\"\n\t\t\t\n\t\t>\n<div class=\"siteorigin-widget-tinymce textwidget\">\n\t<p><a href=\"https:\/\/www.kbecan.com\/wp-content\/uploads\/2020\/08\/climbing-in-slovenia.jpg\"><img loading=\"lazy\" decoding=\"async\" class=\"alignnone wp-image-3551 size-full\" title=\"climbing-course-coaching-osp-slovenia\" src=\"https:\/\/www.kbecan.com\/wp-content\/uploads\/2020\/08\/climbing-in-slovenia-e1756905549756.jpg\" alt=\"\" width=\"800\" height=\"533\" \/><\/a><\/p>\n<p><img loading=\"lazy\" decoding=\"async\" class=\"alignnone wp-image-10974 size-full\" title=\"clilmbing-course-beginner-osp-misja-pec\" src=\"https:\/\/www.kbecan.com\/wp-content\/uploads\/2025\/02\/Osp-cave-Slovenia_3_resize-1-e1756905597222.jpg\" alt=\"\" width=\"800\" height=\"533\" \/> <img loading=\"lazy\" decoding=\"async\" class=\"alignnone wp-image-10970 size-wcstandard\" title=\"climbing-course-coaching-osp-babna\" src=\"https:\/\/www.kbecan.com\/wp-content\/uploads\/2025\/02\/Osp-Babna-Adriatic-coast_3_resize-550x367.jpg\" alt=\"\" width=\"550\" height=\"367\" \/> <img loading=\"lazy\" decoding=\"async\" class=\"alignnone wp-image-8894 size-wcstandard\" title=\"beginner-climbing-course-coaching-osp-cave\" src=\"https:\/\/www.kbecan.com\/wp-content\/uploads\/2023\/10\/osp_cave_slovenia_climbing_09-550x367.jpg\" alt=\"\" width=\"550\" height=\"367\" \/><\/p>\n<\/div>\n<\/div><\/div><\/div><div id=\"pgc-4104-2-1\"  class=\"panel-grid-cell\" ><div id=\"panel-4104-2-1-0\" class=\"so-panel widget widget_sow-editor panel-first-child\" data-index=\"2\" ><div\n\t\t\t\n\t\t\tclass=\"so-widget-sow-editor so-widget-sow-editor-base\"\n\t\t\t\n\t\t>\n<div class=\"siteorigin-widget-tinymce textwidget\">\n\t<p>Popotniki in tisti, ki bi \u0161li enostavno radi plezat nekam v na\u0161i lepi Sloveniji se lahko prijavijo na plezalni dan po na\u0161ih plezali\u0161\u010dih.<\/p>\n<p>En plezalni dan je primeren za vse, ki bi se radi prvi\u010d preizkusili v plezanju ali pa potrebujejo plezalnega partnerja.<\/p>\n<p><strong>Odli\u010dno za za\u010detnike:<\/strong> Idealno za plezalce za\u010detnike ali tiste, ki i\u0161\u010dejo zabaven dan s plezalnim partnerjem.<\/p>\n<p><strong>Razi\u0161\u010dite osupljive pe\u010dine:<\/strong> Plezajte na ikoni\u010dnih lokacijah, kot sta Osp in \u010crni Kal, znana po dih jemajo\u010di pokrajini.<\/p>\n<p><strong>Strokovno vodenje:<\/strong> Na\u0161i izku\u0161eni vodniki zagotavljajo va\u0161o varnost in vam pomagajo pri u\u010denju novih ve\u0161\u010din.<\/p>\n<p><strong>Vse vklju\u010deno:<\/strong> Vklju\u010duje izposojo vse potrebne plezalne opreme.<\/p>\n<p data-sourcepos=\"14:1-14:12\"><strong>Cenik:<\/strong><\/p>\n<ul data-sourcepos=\"16:1-20:0\">\n<li data-sourcepos=\"16:1-16:20\"><strong>1 oseba:<\/strong>\u00a0\u20ac130<\/li>\n<li data-sourcepos=\"17:1-17:21\"><strong>2 osebi:<\/strong>\u00a0\u20ac200<\/li>\n<li data-sourcepos=\"18:1-18:21\"><strong>3 osebe:<\/strong>\u00a0\u20ac270<\/li>\n<li data-sourcepos=\"19:1-20:0\"><strong>4 osebe:<\/strong>\u00a0\u20ac320<\/li>\n<\/ul>\n<\/div>\n<\/div><\/div><div id=\"panel-4104-2-1-1\" class=\"so-panel widget widget_sow-editor panel-last-child\" data-index=\"3\" ><div\n\t\t\t\n\t\t\tclass=\"so-widget-sow-editor so-widget-sow-editor-base\"\n\t\t\t\n\t\t>\n<div class=\"siteorigin-widget-tinymce textwidget\">\n\t<a class=\"btn  btn-outline-primary\" href=\"\/sl\/kontakt\" target=\"_self\"> VE\u010c INFORMACIJ<\/a>\n<\/div>\n<\/div><\/div><\/div><\/div><\/div>","protected":false},"excerpt":{"rendered":"<p>I\u0161\u010de\u0161 soplezalca za en dan ali dva? Mogo\u010de \u017eeli\u0161 it prvi\u010d plezat v skalo in to \u017eeli\u0161 storiti na varen na\u010din? Lahko se zmenimo za katerokoli lokacijo v Sloveniji ali tudi kje drugje po Evropi.<\/p>\n","protected":false},"author":1,"featured_media":3550,"parent":4072,"menu_order":0,"comment_status":"closed","ping_status":"closed","template":"","meta":{"_acf_changed":false,"footnotes":""},"class_list":{"0":"post-4104","1":"page","2":"type-page","3":"status-publish","4":"has-post-thumbnail","6":"clearfix","7":"article"},"acf":[],"yoast_head":"<!-- This site is optimized with the Yoast SEO plugin v26.7 - https:\/\/yoast.com\/wordpress\/plugins\/seo\/ -->\n<title>En dan plezanja v Sloveniji - Climbing coaching Klemen Be\u010dan<\/title>\n<meta name=\"description\" content=\"Enodnevno plezanje v Sloveniji: Ponudba za tiste, ki plezate prvi\u010d ali pa \u017eelite imeti plezalni dan z in\u0161truktorjem plezanja.\" \/>\n<meta name=\"robots\" content=\"index, follow, max-snippet:-1, max-image-preview:large, max-video-preview:-1\" \/>\n<link rel=\"canonical\" href=\"https:\/\/www.kbecan.com\/sl\/storitve\/en-dan-plezanja-v-sloveniji\/\" \/>\n<meta property=\"og:locale\" content=\"sl_SI\" \/>\n<meta property=\"og:type\" content=\"article\" \/>\n<meta property=\"og:title\" content=\"En dan plezanja v Sloveniji - Climbing coaching Klemen Be\u010dan\" \/>\n<meta property=\"og:description\" content=\"Enodnevno plezanje v Sloveniji: Ponudba za tiste, ki plezate prvi\u010d ali pa \u017eelite imeti plezalni dan z in\u0161truktorjem plezanja.\" \/>\n<meta property=\"og:url\" content=\"https:\/\/www.kbecan.com\/sl\/storitve\/en-dan-plezanja-v-sloveniji\/\" \/>\n<meta property=\"og:site_name\" content=\"Climbing coaching Klemen Be\u010dan\" \/>\n<meta property=\"article:modified_time\" content=\"2025-09-03T13:21:09+00:00\" \/>\n<meta property=\"og:image\" content=\"https:\/\/www.kbecan.com\/wp-content\/uploads\/2020\/08\/climbing-coaching-climbing-day-slovenia.jpg\" \/>\n\t<meta property=\"og:image:width\" content=\"860\" \/>\n\t<meta property=\"og:image:height\" content=\"430\" \/>\n\t<meta property=\"og:image:type\" content=\"image\/jpeg\" \/>\n<meta name=\"twitter:card\" content=\"summary_large_image\" \/>\n<meta name=\"twitter:label1\" content=\"Est. reading time\" \/>\n\t<meta name=\"twitter:data1\" content=\"2 minuti\" \/>\n<script type=\"application\/ld+json\" class=\"yoast-schema-graph\">{\"@context\":\"https:\/\/schema.org\",\"@graph\":[{\"@type\":\"WebPage\",\"@id\":\"https:\/\/www.kbecan.com\/sl\/storitve\/en-dan-plezanja-v-sloveniji\/\",\"url\":\"https:\/\/www.kbecan.com\/sl\/storitve\/en-dan-plezanja-v-sloveniji\/\",\"name\":\"En dan plezanja v Sloveniji - Climbing coaching Klemen Be\u010dan\",\"isPartOf\":{\"@id\":\"https:\/\/www.kbecan.com\/#website\"},\"primaryImageOfPage\":{\"@id\":\"https:\/\/www.kbecan.com\/sl\/storitve\/en-dan-plezanja-v-sloveniji\/#primaryimage\"},\"image\":{\"@id\":\"https:\/\/www.kbecan.com\/sl\/storitve\/en-dan-plezanja-v-sloveniji\/#primaryimage\"},\"thumbnailUrl\":\"https:\/\/www.kbecan.com\/wp-content\/uploads\/2020\/08\/climbing-coaching-climbing-day-slovenia.jpg\",\"datePublished\":\"2020-08-17T19:38:23+00:00\",\"dateModified\":\"2025-09-03T13:21:09+00:00\",\"description\":\"Enodnevno plezanje v Sloveniji: Ponudba za tiste, ki plezate prvi\u010d ali pa \u017eelite imeti plezalni dan z in\u0161truktorjem plezanja.\",\"breadcrumb\":{\"@id\":\"https:\/\/www.kbecan.com\/sl\/storitve\/en-dan-plezanja-v-sloveniji\/#breadcrumb\"},\"inLanguage\":\"sl-SI\",\"potentialAction\":[{\"@type\":\"ReadAction\",\"target\":[\"https:\/\/www.kbecan.com\/sl\/storitve\/en-dan-plezanja-v-sloveniji\/\"]}]},{\"@type\":\"ImageObject\",\"inLanguage\":\"sl-SI\",\"@id\":\"https:\/\/www.kbecan.com\/sl\/storitve\/en-dan-plezanja-v-sloveniji\/#primaryimage\",\"url\":\"https:\/\/www.kbecan.com\/wp-content\/uploads\/2020\/08\/climbing-coaching-climbing-day-slovenia.jpg\",\"contentUrl\":\"https:\/\/www.kbecan.com\/wp-content\/uploads\/2020\/08\/climbing-coaching-climbing-day-slovenia.jpg\",\"width\":860,\"height\":430},{\"@type\":\"BreadcrumbList\",\"@id\":\"https:\/\/www.kbecan.com\/sl\/storitve\/en-dan-plezanja-v-sloveniji\/#breadcrumb\",\"itemListElement\":[{\"@type\":\"ListItem\",\"position\":1,\"name\":\"Home\",\"item\":\"https:\/\/www.kbecan.com\/sl\/\"},{\"@type\":\"ListItem\",\"position\":2,\"name\":\"Storitve\",\"item\":\"https:\/\/www.kbecan.com\/sl\/storitve\/\"},{\"@type\":\"ListItem\",\"position\":3,\"name\":\"En dan plezanja v Sloveniji\"}]},{\"@type\":\"WebSite\",\"@id\":\"https:\/\/www.kbecan.com\/#website\",\"url\":\"https:\/\/www.kbecan.com\/\",\"name\":\"Climbing coaching Klemen Be\u010dan\",\"description\":\"\",\"potentialAction\":[{\"@type\":\"SearchAction\",\"target\":{\"@type\":\"EntryPoint\",\"urlTemplate\":\"https:\/\/www.kbecan.com\/?s={search_term_string}\"},\"query-input\":{\"@type\":\"PropertyValueSpecification\",\"valueRequired\":true,\"valueName\":\"search_term_string\"}}],\"inLanguage\":\"sl-SI\"}]}<\/script>\n<!-- \/ Yoast SEO plugin. -->","yoast_head_json":{"title":"En dan plezanja v Sloveniji - Climbing coaching Klemen Be\u010dan","description":"Enodnevno plezanje v Sloveniji: Ponudba za tiste, ki plezate prvi\u010d ali pa \u017eelite imeti plezalni dan z in\u0161truktorjem plezanja.","robots":{"index":"index","follow":"follow","max-snippet":"max-snippet:-1","max-image-preview":"max-image-preview:large","max-video-preview":"max-video-preview:-1"},"canonical":"https:\/\/www.kbecan.com\/sl\/storitve\/en-dan-plezanja-v-sloveniji\/","og_locale":"sl_SI","og_type":"article","og_title":"En dan plezanja v Sloveniji - Climbing coaching Klemen Be\u010dan","og_description":"Enodnevno plezanje v Sloveniji: Ponudba za tiste, ki plezate prvi\u010d ali pa \u017eelite imeti plezalni dan z in\u0161truktorjem plezanja.","og_url":"https:\/\/www.kbecan.com\/sl\/storitve\/en-dan-plezanja-v-sloveniji\/","og_site_name":"Climbing coaching Klemen Be\u010dan","article_modified_time":"2025-09-03T13:21:09+00:00","og_image":[{"width":860,"height":430,"url":"https:\/\/www.kbecan.com\/wp-content\/uploads\/2020\/08\/climbing-coaching-climbing-day-slovenia.jpg","type":"image\/jpeg"}],"twitter_card":"summary_large_image","twitter_misc":{"Est. reading time":"2 minuti"},"schema":{"@context":"https:\/\/schema.org","@graph":[{"@type":"WebPage","@id":"https:\/\/www.kbecan.com\/sl\/storitve\/en-dan-plezanja-v-sloveniji\/","url":"https:\/\/www.kbecan.com\/sl\/storitve\/en-dan-plezanja-v-sloveniji\/","name":"En dan plezanja v Sloveniji - Climbing coaching Klemen Be\u010dan","isPartOf":{"@id":"https:\/\/www.kbecan.com\/#website"},"primaryImageOfPage":{"@id":"https:\/\/www.kbecan.com\/sl\/storitve\/en-dan-plezanja-v-sloveniji\/#primaryimage"},"image":{"@id":"https:\/\/www.kbecan.com\/sl\/storitve\/en-dan-plezanja-v-sloveniji\/#primaryimage"},"thumbnailUrl":"https:\/\/www.kbecan.com\/wp-content\/uploads\/2020\/08\/climbing-coaching-climbing-day-slovenia.jpg","datePublished":"2020-08-17T19:38:23+00:00","dateModified":"2025-09-03T13:21:09+00:00","description":"Enodnevno plezanje v Sloveniji: Ponudba za tiste, ki plezate prvi\u010d ali pa \u017eelite imeti plezalni dan z in\u0161truktorjem plezanja.","breadcrumb":{"@id":"https:\/\/www.kbecan.com\/sl\/storitve\/en-dan-plezanja-v-sloveniji\/#breadcrumb"},"inLanguage":"sl-SI","potentialAction":[{"@type":"ReadAction","target":["https:\/\/www.kbecan.com\/sl\/storitve\/en-dan-plezanja-v-sloveniji\/"]}]},{"@type":"ImageObject","inLanguage":"sl-SI","@id":"https:\/\/www.kbecan.com\/sl\/storitve\/en-dan-plezanja-v-sloveniji\/#primaryimage","url":"https:\/\/www.kbecan.com\/wp-content\/uploads\/2020\/08\/climbing-coaching-climbing-day-slovenia.jpg","contentUrl":"https:\/\/www.kbecan.com\/wp-content\/uploads\/2020\/08\/climbing-coaching-climbing-day-slovenia.jpg","width":860,"height":430},{"@type":"BreadcrumbList","@id":"https:\/\/www.kbecan.com\/sl\/storitve\/en-dan-plezanja-v-sloveniji\/#breadcrumb","itemListElement":[{"@type":"ListItem","position":1,"name":"Home","item":"https:\/\/www.kbecan.com\/sl\/"},{"@type":"ListItem","position":2,"name":"Storitve","item":"https:\/\/www.kbecan.com\/sl\/storitve\/"},{"@type":"ListItem","position":3,"name":"En dan plezanja v Sloveniji"}]},{"@type":"WebSite","@id":"https:\/\/www.kbecan.com\/#website","url":"https:\/\/www.kbecan.com\/","name":"Climbing coaching Klemen Be\u010dan","description":"","potentialAction":[{"@type":"SearchAction","target":{"@type":"EntryPoint","urlTemplate":"https:\/\/www.kbecan.com\/?s={search_term_string}"},"query-input":{"@type":"PropertyValueSpecification","valueRequired":true,"valueName":"search_term_string"}}],"inLanguage":"sl-SI"}]}},"_links":{"self":[{"href":"https:\/\/www.kbecan.com\/sl\/wp-json\/wp\/v2\/pages\/4104","targetHints":{"allow":["GET"]}}],"collection":[{"href":"https:\/\/www.kbecan.com\/sl\/wp-json\/wp\/v2\/pages"}],"about":[{"href":"https:\/\/www.kbecan.com\/sl\/wp-json\/wp\/v2\/types\/page"}],"author":[{"embeddable":true,"href":"https:\/\/www.kbecan.com\/sl\/wp-json\/wp\/v2\/users\/1"}],"replies":[{"embeddable":true,"href":"https:\/\/www.kbecan.com\/sl\/wp-json\/wp\/v2\/comments?post=4104"}],"version-history":[{"count":11,"href":"https:\/\/www.kbecan.com\/sl\/wp-json\/wp\/v2\/pages\/4104\/revisions"}],"predecessor-version":[{"id":11010,"href":"https:\/\/www.kbecan.com\/sl\/wp-json\/wp\/v2\/pages\/4104\/revisions\/11010"}],"up":[{"embeddable":true,"href":"https:\/\/www.kbecan.com\/sl\/wp-json\/wp\/v2\/pages\/4072"}],"wp:featuredmedia":[{"embeddable":true,"href":"https:\/\/www.kbecan.com\/sl\/wp-json\/wp\/v2\/media\/3550"}],"wp:attachment":[{"href":"https:\/\/www.kbecan.com\/sl\/wp-json\/wp\/v2\/media?parent=4104"}],"curies":[{"name":"wp","href":"https:\/\/api.w.org\/{rel}","templated":true}]}}