{"id":4072,"date":"2020-08-17T21:06:12","date_gmt":"2020-08-17T19:06:12","guid":{"rendered":"https:\/\/www.kbecan.com\/?page_id=4072"},"modified":"2025-01-31T14:23:03","modified_gmt":"2025-01-31T13:23:03","slug":"storitve","status":"publish","type":"page","link":"https:\/\/www.kbecan.com\/sl\/storitve\/","title":{"rendered":"Storitve"},"content":{"rendered":"<div id=\"pl-4072\"  class=\"panel-layout\" ><div id=\"pg-4072-0\"  class=\"panel-grid panel-no-style\" ><div id=\"pgc-4072-0-0\"  class=\"panel-grid-cell panel-grid-cell-empty\" ><\/div><\/div><div id=\"pg-4072-1\"  class=\"panel-grid panel-no-style\" ><div id=\"pgc-4072-1-0\"  class=\"panel-grid-cell\" ><div id=\"panel-4072-1-0-0\" class=\"so-panel widget widget_pw_featured_page widget-featured-page panel-first-child panel-last-child\" data-index=\"0\" >\n\t<div class=\"page-box  page-box--block\">\n\t\t\t\t\t\t<a class=\"page-box__picture\" href=\"https:\/\/www.kbecan.com\/sl\/storitve\/en-dan-plezanja-v-sloveniji\/\">\n\t\t\t\t\t<img loading=\"lazy\" decoding=\"async\" src=\"https:\/\/www.kbecan.com\/wp-content\/uploads\/2020\/08\/climbing-coaching-climbing-day-slovenia-350x175.jpg\" width=\"350\" height=\"175\" srcset=\"https:\/\/www.kbecan.com\/wp-content\/uploads\/2020\/08\/climbing-coaching-climbing-day-slovenia-350x175.jpg 350w, https:\/\/www.kbecan.com\/wp-content\/uploads\/2020\/08\/climbing-coaching-climbing-day-slovenia.jpg 860w\" sizes=\"auto, (min-width: 1200px) 350px, (min-width: 992px) 290px, (min-width: 768px) 690px, (min-width: 576px) 510px, calc(100vw - 30px)\" class=\"wp-post-image\" alt=\"En dan plezanja v Sloveniji\">\n\t\t\t\t\t\t\t\t\t<\/a>\n\t\t\t\t\t\t\t\t<div class=\"page-box__content\">\n\t\t\t<h2 class=\"page-box__title\"><a href=\"https:\/\/www.kbecan.com\/sl\/storitve\/en-dan-plezanja-v-sloveniji\/\">En dan plezanja v Sloveniji<\/a><\/h2>\n\t\t\t<p class=\"page-box__text\">I\u0161\u010de\u0161 soplezalca za en dan ali dva? Mogo\u010de \u017eeli\u0161 it prvi\u010d plezat v skalo in to \u017eeli\u0161 storiti na varen na\u010din? Lahko se zmenimo za katerokoli &hellip;<\/p>\n\t\t\t\t\t\t\t<a href=\"https:\/\/www.kbecan.com\/sl\/storitve\/en-dan-plezanja-v-sloveniji\/\" class=\"page-box__more-link\">Podrobnosti<\/a>\n\t\t\t\t\t<\/div>\n\t<\/div>\n\n<\/div><\/div><div id=\"pgc-4072-1-1\"  class=\"panel-grid-cell\" ><div id=\"panel-4072-1-1-0\" class=\"so-panel widget widget_pw_featured_page widget-featured-page panel-first-child panel-last-child\" data-index=\"1\" >\n\t<div class=\"page-box  page-box--block\">\n\t\t\t\t\t\t<a class=\"page-box__picture\" href=\"https:\/\/www.kbecan.com\/sl\/storitve\/plezalni-tecaji\/\">\n\t\t\t\t\t<img loading=\"lazy\" decoding=\"async\" src=\"https:\/\/www.kbecan.com\/wp-content\/uploads\/2020\/08\/climbing-coaching-1-2-3-training-session-350x175.jpg\" width=\"350\" height=\"175\" srcset=\"https:\/\/www.kbecan.com\/wp-content\/uploads\/2020\/08\/climbing-coaching-1-2-3-training-session-350x175.jpg 350w, https:\/\/www.kbecan.com\/wp-content\/uploads\/2020\/08\/climbing-coaching-1-2-3-training-session.jpg 860w\" sizes=\"auto, (min-width: 1200px) 350px, (min-width: 992px) 290px, (min-width: 768px) 690px, (min-width: 576px) 510px, calc(100vw - 30px)\" class=\"wp-post-image\" alt=\"Plezalni te\u010daji\">\n\t\t\t\t\t\t\t\t\t<\/a>\n\t\t\t\t\t\t\t\t<div class=\"page-box__content\">\n\t\t\t<h2 class=\"page-box__title\"><a href=\"https:\/\/www.kbecan.com\/sl\/storitve\/plezalni-tecaji\/\">Plezalni te\u010daji<\/a><\/h2>\n\t\t\t<p class=\"page-box__text\">V enem dnevu je te\u017eko narediti \u010dude\u017ee in napredovati po ocenah. Lahko pa vam da idejo, kako narediti prvi ali 95. korak na poti do zmage.<\/p>\n\t\t\t\t\t\t\t<a href=\"https:\/\/www.kbecan.com\/sl\/storitve\/plezalni-tecaji\/\" class=\"page-box__more-link\">Plezaj ve\u010d<\/a>\n\t\t\t\t\t<\/div>\n\t<\/div>\n\n<\/div><\/div><div id=\"pgc-4072-1-2\"  class=\"panel-grid-cell\" ><div id=\"panel-4072-1-2-0\" class=\"so-panel widget widget_pw_featured_page widget-featured-page panel-first-child panel-last-child\" data-index=\"2\" >\n\t<div class=\"page-box  page-box--block\">\n\t\t\t\t\t\t<a class=\"page-box__picture\" href=\"https:\/\/www.kbecan.com\/sl\/storitve\/trening-teden\/\">\n\t\t\t\t\t<img loading=\"lazy\" decoding=\"async\" src=\"https:\/\/www.kbecan.com\/wp-content\/uploads\/2020\/08\/training-week-camp-cover-350x175.jpg\" width=\"350\" height=\"175\" srcset=\"https:\/\/www.kbecan.com\/wp-content\/uploads\/2020\/08\/training-week-camp-cover-350x175.jpg 350w, https:\/\/www.kbecan.com\/wp-content\/uploads\/2020\/08\/training-week-camp-cover.jpg 860w\" sizes=\"auto, (min-width: 1200px) 350px, (min-width: 992px) 290px, (min-width: 768px) 690px, (min-width: 576px) 510px, calc(100vw - 30px)\" class=\"wp-post-image\" alt=\"Trening teden kamp\">\n\t\t\t\t\t\t\t\t\t<\/a>\n\t\t\t\t\t\t\t\t<div class=\"page-box__content\">\n\t\t\t<h2 class=\"page-box__title\"><a href=\"https:\/\/www.kbecan.com\/sl\/storitve\/trening-teden\/\">Trening teden kamp<\/a><\/h2>\n\t\t\t<p class=\"page-box__text\">Plezalni tabor je najbolj\u0161a stvar, ki jo lahko naredi\u0161, da pripleza\u0161 do naslednje ocene. U\u010dili se bomo plezalne tehnike, mentalne priprave, &hellip;<\/p>\n\t\t\t\t\t\t\t<a href=\"https:\/\/www.kbecan.com\/sl\/storitve\/trening-teden\/\" class=\"page-box__more-link\">Postani mo\u010dnej\u0161i<\/a>\n\t\t\t\t\t<\/div>\n\t<\/div>\n\n<\/div><\/div><\/div><div id=\"pg-4072-2\"  class=\"panel-grid panel-no-style\" ><div id=\"pgc-4072-2-0\"  class=\"panel-grid-cell\" ><div id=\"panel-4072-2-0-0\" class=\"so-panel widget widget_pw_featured_page widget-featured-page panel-first-child panel-last-child\" data-index=\"3\" >\n\t<div class=\"page-box  page-box--block\">\n\t\t\t\t\t\t<a class=\"page-box__picture\" href=\"https:\/\/www.kbecan.com\/sl\/storitve\/individualna-plezalna-potovanja\/\">\n\t\t\t\t\t<img loading=\"lazy\" decoding=\"async\" src=\"https:\/\/www.kbecan.com\/wp-content\/uploads\/2020\/08\/climbing-coaching-personalized-climbing-trip-350x175.jpg\" width=\"350\" height=\"175\" srcset=\"https:\/\/www.kbecan.com\/wp-content\/uploads\/2020\/08\/climbing-coaching-personalized-climbing-trip-350x175.jpg 350w, https:\/\/www.kbecan.com\/wp-content\/uploads\/2020\/08\/climbing-coaching-personalized-climbing-trip.jpg 860w\" sizes=\"auto, (min-width: 1200px) 350px, (min-width: 992px) 290px, (min-width: 768px) 690px, (min-width: 576px) 510px, calc(100vw - 30px)\" class=\"wp-post-image\" alt=\"Individualna plezalna potovanja\">\n\t\t\t\t\t\t\t\t\t<\/a>\n\t\t\t\t\t\t\t\t<div class=\"page-box__content\">\n\t\t\t<h2 class=\"page-box__title\"><a href=\"https:\/\/www.kbecan.com\/sl\/storitve\/individualna-plezalna-potovanja\/\">Individualna plezalna potovanja<\/a><\/h2>\n\t\t\t<p class=\"page-box__text\">Vsak plezalec je poseben in skupaj kreiramo popoln plezalni trip glede na \u017eelje in potrebe posameznika. Dodamo \u0161e \u00bbphotoshooting\u00ab, tako ne &hellip;<\/p>\n\t\t\t\t\t\t\t<a href=\"https:\/\/www.kbecan.com\/sl\/storitve\/individualna-plezalna-potovanja\/\" class=\"page-box__more-link\">Podrobnosti<\/a>\n\t\t\t\t\t<\/div>\n\t<\/div>\n\n<\/div><\/div><div id=\"pgc-4072-2-1\"  class=\"panel-grid-cell panel-grid-cell-empty panel-grid-cell-mobile-last\" ><\/div><div id=\"pgc-4072-2-2\"  class=\"panel-grid-cell panel-grid-cell-empty\" ><\/div><\/div><\/div>","protected":false},"excerpt":{"rendered":"<p>En dan plezanja v Sloveniji I\u0161\u010de\u0161 soplezalca za en dan ali dva? Mogo\u010de \u017eeli\u0161 it prvi\u010d plezat v skalo in to \u017eeli\u0161 storiti na varen na\u010din? Lahko se zmenimo za katerokoli &hellip; Podrobnosti Plezalni te\u010daji V enem dnevu je te\u017eko narediti \u010dude\u017ee in napredovati po ocenah. Lahko pa vam da idejo, kako narediti prvi ali &hellip;<\/p>\n","protected":false},"author":1,"featured_media":0,"parent":0,"menu_order":0,"comment_status":"closed","ping_status":"closed","template":"","meta":{"_acf_changed":false,"footnotes":""},"class_list":{"0":"post-4072","1":"page","2":"type-page","3":"status-publish","5":"clearfix","6":"article"},"acf":[],"yoast_head":"<!-- This site is optimized with the Yoast SEO plugin v26.7 - https:\/\/yoast.com\/wordpress\/plugins\/seo\/ -->\n<title>Storitve - Climbing coaching Klemen Be\u010dan<\/title>\n<meta name=\"description\" content=\"Storitve in plezalni te\u010daji za vsakega plezalca. Izberete lahko te\u010daje za za\u010detnike, dru\u017eine, napredne in pro-plezalce.\" \/>\n<meta name=\"robots\" content=\"index, follow, max-snippet:-1, max-image-preview:large, max-video-preview:-1\" \/>\n<link rel=\"canonical\" href=\"https:\/\/www.kbecan.com\/sl\/storitve\/\" \/>\n<meta property=\"og:locale\" content=\"sl_SI\" \/>\n<meta property=\"og:type\" content=\"article\" \/>\n<meta property=\"og:title\" content=\"Storitve - Climbing coaching Klemen Be\u010dan\" \/>\n<meta property=\"og:description\" content=\"Storitve in plezalni te\u010daji za vsakega plezalca. Izberete lahko te\u010daje za za\u010detnike, dru\u017eine, napredne in pro-plezalce.\" \/>\n<meta property=\"og:url\" content=\"https:\/\/www.kbecan.com\/sl\/storitve\/\" \/>\n<meta property=\"og:site_name\" content=\"Climbing coaching Klemen Be\u010dan\" \/>\n<meta property=\"article:modified_time\" content=\"2025-01-31T13:23:03+00:00\" \/>\n<meta name=\"twitter:card\" content=\"summary_large_image\" \/>\n<meta name=\"twitter:label1\" content=\"Est. reading time\" \/>\n\t<meta name=\"twitter:data1\" content=\"1 minuta\" \/>\n<script type=\"application\/ld+json\" class=\"yoast-schema-graph\">{\"@context\":\"https:\/\/schema.org\",\"@graph\":[{\"@type\":\"WebPage\",\"@id\":\"https:\/\/www.kbecan.com\/sl\/storitve\/\",\"url\":\"https:\/\/www.kbecan.com\/sl\/storitve\/\",\"name\":\"Storitve - Climbing coaching Klemen Be\u010dan\",\"isPartOf\":{\"@id\":\"https:\/\/www.kbecan.com\/#website\"},\"datePublished\":\"2020-08-17T19:06:12+00:00\",\"dateModified\":\"2025-01-31T13:23:03+00:00\",\"description\":\"Storitve in plezalni te\u010daji za vsakega plezalca. Izberete lahko te\u010daje za za\u010detnike, dru\u017eine, napredne in pro-plezalce.\",\"breadcrumb\":{\"@id\":\"https:\/\/www.kbecan.com\/sl\/storitve\/#breadcrumb\"},\"inLanguage\":\"sl-SI\",\"potentialAction\":[{\"@type\":\"ReadAction\",\"target\":[\"https:\/\/www.kbecan.com\/sl\/storitve\/\"]}]},{\"@type\":\"BreadcrumbList\",\"@id\":\"https:\/\/www.kbecan.com\/sl\/storitve\/#breadcrumb\",\"itemListElement\":[{\"@type\":\"ListItem\",\"position\":1,\"name\":\"Home\",\"item\":\"https:\/\/www.kbecan.com\/sl\/\"},{\"@type\":\"ListItem\",\"position\":2,\"name\":\"Storitve\"}]},{\"@type\":\"WebSite\",\"@id\":\"https:\/\/www.kbecan.com\/#website\",\"url\":\"https:\/\/www.kbecan.com\/\",\"name\":\"Climbing coaching Klemen Be\u010dan\",\"description\":\"\",\"potentialAction\":[{\"@type\":\"SearchAction\",\"target\":{\"@type\":\"EntryPoint\",\"urlTemplate\":\"https:\/\/www.kbecan.com\/?s={search_term_string}\"},\"query-input\":{\"@type\":\"PropertyValueSpecification\",\"valueRequired\":true,\"valueName\":\"search_term_string\"}}],\"inLanguage\":\"sl-SI\"}]}<\/script>\n<!-- \/ Yoast SEO plugin. -->","yoast_head_json":{"title":"Storitve - Climbing coaching Klemen Be\u010dan","description":"Storitve in plezalni te\u010daji za vsakega plezalca. Izberete lahko te\u010daje za za\u010detnike, dru\u017eine, napredne in pro-plezalce.","robots":{"index":"index","follow":"follow","max-snippet":"max-snippet:-1","max-image-preview":"max-image-preview:large","max-video-preview":"max-video-preview:-1"},"canonical":"https:\/\/www.kbecan.com\/sl\/storitve\/","og_locale":"sl_SI","og_type":"article","og_title":"Storitve - Climbing coaching Klemen Be\u010dan","og_description":"Storitve in plezalni te\u010daji za vsakega plezalca. Izberete lahko te\u010daje za za\u010detnike, dru\u017eine, napredne in pro-plezalce.","og_url":"https:\/\/www.kbecan.com\/sl\/storitve\/","og_site_name":"Climbing coaching Klemen Be\u010dan","article_modified_time":"2025-01-31T13:23:03+00:00","twitter_card":"summary_large_image","twitter_misc":{"Est. reading time":"1 minuta"},"schema":{"@context":"https:\/\/schema.org","@graph":[{"@type":"WebPage","@id":"https:\/\/www.kbecan.com\/sl\/storitve\/","url":"https:\/\/www.kbecan.com\/sl\/storitve\/","name":"Storitve - Climbing coaching Klemen Be\u010dan","isPartOf":{"@id":"https:\/\/www.kbecan.com\/#website"},"datePublished":"2020-08-17T19:06:12+00:00","dateModified":"2025-01-31T13:23:03+00:00","description":"Storitve in plezalni te\u010daji za vsakega plezalca. Izberete lahko te\u010daje za za\u010detnike, dru\u017eine, napredne in pro-plezalce.","breadcrumb":{"@id":"https:\/\/www.kbecan.com\/sl\/storitve\/#breadcrumb"},"inLanguage":"sl-SI","potentialAction":[{"@type":"ReadAction","target":["https:\/\/www.kbecan.com\/sl\/storitve\/"]}]},{"@type":"BreadcrumbList","@id":"https:\/\/www.kbecan.com\/sl\/storitve\/#breadcrumb","itemListElement":[{"@type":"ListItem","position":1,"name":"Home","item":"https:\/\/www.kbecan.com\/sl\/"},{"@type":"ListItem","position":2,"name":"Storitve"}]},{"@type":"WebSite","@id":"https:\/\/www.kbecan.com\/#website","url":"https:\/\/www.kbecan.com\/","name":"Climbing coaching Klemen Be\u010dan","description":"","potentialAction":[{"@type":"SearchAction","target":{"@type":"EntryPoint","urlTemplate":"https:\/\/www.kbecan.com\/?s={search_term_string}"},"query-input":{"@type":"PropertyValueSpecification","valueRequired":true,"valueName":"search_term_string"}}],"inLanguage":"sl-SI"}]}},"_links":{"self":[{"href":"https:\/\/www.kbecan.com\/sl\/wp-json\/wp\/v2\/pages\/4072","targetHints":{"allow":["GET"]}}],"collection":[{"href":"https:\/\/www.kbecan.com\/sl\/wp-json\/wp\/v2\/pages"}],"about":[{"href":"https:\/\/www.kbecan.com\/sl\/wp-json\/wp\/v2\/types\/page"}],"author":[{"embeddable":true,"href":"https:\/\/www.kbecan.com\/sl\/wp-json\/wp\/v2\/users\/1"}],"replies":[{"embeddable":true,"href":"https:\/\/www.kbecan.com\/sl\/wp-json\/wp\/v2\/comments?post=4072"}],"version-history":[{"count":16,"href":"https:\/\/www.kbecan.com\/sl\/wp-json\/wp\/v2\/pages\/4072\/revisions"}],"predecessor-version":[{"id":10343,"href":"https:\/\/www.kbecan.com\/sl\/wp-json\/wp\/v2\/pages\/4072\/revisions\/10343"}],"wp:attachment":[{"href":"https:\/\/www.kbecan.com\/sl\/wp-json\/wp\/v2\/media?parent=4072"}],"curies":[{"name":"wp","href":"https:\/\/api.w.org\/{rel}","templated":true}]}}