{"id":4008,"date":"2020-08-17T19:54:06","date_gmt":"2020-08-17T17:54:06","guid":{"rendered":"https:\/\/www.kbecan.com\/?page_id=4008"},"modified":"2020-08-17T19:54:47","modified_gmt":"2020-08-17T17:54:47","slug":"pravno-obvestilo-piskotki","status":"publish","type":"page","link":"https:\/\/www.kbecan.com\/sl\/pravno-obvestilo-piskotki\/","title":{"rendered":"Pravno obvestilo in pi\u0161kotki"},"content":{"rendered":"<h3><strong>Pi\u0161kotki<\/strong><\/h3>\n<p>Spletna stran www.kbecan.com uporablja pi\u0161kotke.<\/p>\n<p>S pi\u0161kotki vas osebno ne identificiramo. Uporabljamo jih samo za bolj\u0161e delovanje spleti\u0161\u010da.<\/p>\n<p>Z uporabo tega spletnega mesta se strinjate, da spletno mesto www.kbecan.com nastavi pi\u0161kotke na va\u0161i napravi.<\/p>\n<h3>Kaj so pi\u0161kotki?<\/h3>\n<p>Pi\u0161kotki so manj\u0161e besedilne datoteke, obi\u010dajno iz \u010drk in \u0161tevilk, katere obiskano spletno mesto shrani v napravo (ra\u010dunalnik, mobilnik, tablica itd.) z namenom prepoznavanja teh naprav. Shranjevanje pi\u0161kotkov je pod nadzorom brskalnika \u2013 glejte spodaj: nadzor nad pi\u0161kotki.<\/p>\n<h3>Zakaj na\u0161a spletna stran potrebuje pi\u0161kotke?<\/h3>\n<p>Glavni namen pi\u0161kotka je, da na\u0161emu spletnemu stre\u017eniku omogo\u010di, da uporabniku predstavi prilagojene spletne strani, ki omogo\u010dajo, da je do\u017eivetje ob obisku spletne strani bolj osebno in da se bolje odziva na posamezne uporabnikove potrebe. Interakcija med uporabnikom in spletnim mestom je s pomo\u010djo pi\u0161kotkov hitrej\u0161a in enostavnej\u0161a. Z njihovo pomo\u010djo si spletna stran zapomni posameznikove preference in izku\u0161nje, s tem je uporabniku ob ponovnem obisku prihranjen \u010das, brskanje po spletnih straneh pa je tako bolj u\u010dinkovito in prijetno.<\/p>\n<h3>Zakaj na\u0161a spletna stran uporablja pi\u0161kotke?<\/h3>\n<p>Pi\u0161kotki so pomembno sredstvo za ohranjanje sve\u017ee in primerne vsebine, ki je v skladu z interesi in \u017eeljami posameznega spletnega uporabnika. Razlogi za uporabo pi\u0161kotkov izhajajo iz njihovih lastnosti, ena izmed njih je shranjevanja podatkov o stanju posamezne spletne strani, pi\u0161kotki pomagajo pri izvajanju raznih spletnih storitev, pomagajo pri zbiranju raznih statistik, saj se le z njimi lahko spremlja pogostost obiskovanja dolo\u010dene spletne strani. S pomo\u010djo pi\u0161kotkov lahko upravljalec spletne strani oceni u\u010dinkovitost zasnove svoje spletne strani.<\/p>\n<h3>Katere pi\u0161kotke uporablja na\u0161a stran?<\/h3>\n<table border=\"0\" width=\"100%\">\n<tbody>\n<tr>\n<th>Naziv pi\u0161kotka<\/th>\n<th>Vsebina<\/th>\n<th>\u010cas pi\u0161kotka<\/th>\n<th>Izdajatelj<\/th>\n<\/tr>\n<tr>\n<td>wordpress_test_cookie<\/td>\n<td>Preverjanje veljavnosti pi\u0161kotkov<\/td>\n<td>Do zaklju\u010dka seje<\/td>\n<td>Klemen Be\u010dan s.p.<\/td>\n<\/tr>\n<tr>\n<td>_gid<\/td>\n<td>Spremljanje statistike ogledov<\/td>\n<td>24 ur<\/td>\n<td>Google<\/td>\n<\/tr>\n<tr>\n<td>_gat<\/td>\n<td>Spremljanje statistike ogledov<\/td>\n<td>1 minuta<\/td>\n<td>Google<\/td>\n<\/tr>\n<tr>\n<td>_ga<\/td>\n<td>Spremljanje statistike ogledov<\/td>\n<td>2 leti<\/td>\n<td>Google<\/td>\n<\/tr>\n<\/tbody>\n<\/table>\n<p>&nbsp;<\/p>\n<h3>Nadzor nad pi\u0161kotki<\/h3>\n<p>\u010ce \u017eelite spremeniti na\u010din uporabe pi\u0161kotkov v brskalniku, vklju\u010dno z blokiranjem ali izbrisom, lahko to storite z ustrezno spremembo nastavitev brskalnika.<\/p>\n<p><a href=\"https:\/\/support.google.com\/chrome\/answer\/95647?hl=sl-sl&amp;p=cpn_cookies\" target=\"_blank\" rel=\"noopener noreferrer\">Chrome<br \/>\n<\/a><a href=\"https:\/\/support.mozilla.org\/sl\/kb\/Kako%20aktivirate%20in%20deaktivirate%20pi%C5%A1kote\" target=\"_blank\" rel=\"noopener noreferrer\">Firefox<br \/>\n<\/a><a href=\"https:\/\/windows.microsoft.com\/sl-si\/windows7\/how-to-manage-cookies-in-internet-explorer-9\" target=\"_blank\" rel=\"noopener noreferrer\">Internet Explorer 9<br \/>\n<\/a><a href=\"https:\/\/windows.microsoft.com\/sl-si\/windows-vista\/block-or-allow-cookies\" target=\"_blank\" rel=\"noopener noreferrer\">Internet Explorer 7 in 8<br \/>\n<\/a><a href=\"https:\/\/www.opera.com\/help\/tutorials\/security\/cookies\/\" target=\"_blank\" rel=\"noopener noreferrer\">Opera<br \/>\n<\/a><a href=\"https:\/\/support.apple.com\/kb\/PH19214?locale=sl_SI\" target=\"_blank\" rel=\"noopener noreferrer\">Safari<\/a><\/p>\n<h3><strong>Za\u0161\u010dita pravic \/ Avtorske pravice<\/strong><\/h3>\n<p>Predmet tega obvestila so spletne strani na naslovu www.kbecan.com.<\/p>\n<p>Vsa vsebina na teh spletnih straneh je last Klemen Be\u010dan s.p. (v nadaljevanju: \u00bbdru\u017eba\u00ab), ki ima na celotni vsebini vse avtorskopravne pravice in morebitna druga upravi\u010denja s podro\u010dja pravic intelektualne lastnine. Teh predmetov ni dovoljeno kopirati za komercialno uporabo ali distribucijo, prav tako jih ni dovoljeno spreminjati ali znova objavljati na drugih spletnih mestih.<\/p>\n<p>To spletno mesto lahko vsebuje tudi slike, za katere je ponudnik pridobil pravico do uporabe, vendar so za\u0161\u010ditene z avtorskimi pravicami tretje strani.<\/p>\n<p>Vsebina spletnih strani je informativne narave, razen v delu, kjer so objavljeni splo\u0161ni pogoji poslovanja, ki veljajo za naro\u010dnike storitev pri dru\u017ebi in katerih aktualna verzija je vedno na voljo pri dru\u017ebi.<\/p>\n<p>Dru\u017eba si prizadeva za pravilnost vseh objavljenih vsebin.<\/p>\n<p>Dru\u017eba ima pravico vsebine spreminjati brez posebnega obvestila, pri \u010demer ne odgovarja za posledice teh sprememb.<\/p>\n<h3><strong>Omejena pravica uporabe vsebin<\/strong><\/h3>\n<p>Uporabniki lahko razpolagajo z vsebinami na spletnem naslovu www.kbecan.com za svojo osebno uporabo, pri \u010demer ne smejo biti kr\u0161ene avtorske pravice. Avtorji vsebin niso odgovorni za morebitne \u0161kodljive posledice uporabe. Kakr\u0161nakoli druga uporaba ali distribucija teh spletnih vsebin ali njihovega dela ni dovoljena.<\/p>\n<h3><strong>Omejena odgovornost<\/strong><\/h3>\n<p>Dru\u017eba ne odgovarja za uporabo spletne strani www.kbecan.com in za morebitno \u0161kodo, povzro\u010deno z uporabo tam nahajajo\u010dih se spletnih vsebin ali zaradi tega, ker omenjena spletna stran morebiti ne bi bila dostopna ali bi bil dostop do njenih vsebin kako druga\u010de omejen. Vsebina spletnih strani v nobenem primeru ne predstavlja izvedbe storitve s strani dru\u017ebe, niti gola vsebina spletnih strani ne more predstavljati podlage za kakr\u0161no koli ravnanje kateregakoli subjekta.<\/p>\n<h3><strong>Politika zasebnosti \/ Varovanje podatkov<\/strong><\/h3>\n<p>V podjetju\u00a0<strong>KLEMEN BE\u010cAN S.P.<\/strong>, Partizanska cesta 2, 1381 Rakek, Slovenija,<br \/>\nMati\u010dna \u0161tevilka: 8191794000 <em>(v nadaljevanju:\u00a0<strong>ponudnik<\/strong><\/em><em>)<\/em><\/p>\n<p>cenimo va\u0161o zasebnost, zato va\u0161e podatke vedno skrbno varujemo in pri njihovi obdelavi ravnamo skladno z vsakokrat veljavno relevantno zakonodajo. Kot upravitelji predmetne spletne strani smo (ponudnik) zato v namen varovanja va\u0161e zasebnosti in podatkov, ter za namene va\u0161e seznanitve z na\u0161imi procesi obdelave podatkov, uredili to politiko zasebnosti.<\/p>\n<p>Z uporabo spletne strani uporabnik potrjuje, da sprejema in sogla\u0161a s celotno vsebino te politike zasebnosti, v kolikor niso za posamezne primere potrebne dodatne oblike privolitve. Ta politika zasebnosti se lahko kadarkoli spremeni ali dopolni, brez predhodnega opozorila ali obvestila. Z uporabo te spletne strani po spremembi ali dopolnitvi uporabnik potrjuje, da sogla\u0161a s spremembami in dopolnitvami.<\/p>\n<p>Posamezni odstavki lahko vsebujejo podatke, ki so podrobneje obrazlo\u017eeni v drugih kategorijah, ki jih najdete na dnu spletne strani (npr. Pi\u0161kotki).<\/p>\n<p>Dodatne informacije, ki jih ta politika zasebnosti ne vsebuje lahko najdete v rubriki \u00bb<strong>Pogoji poslovanja<\/strong>\u00ab, ki jo najdete na dnu spletne strani.<\/p>\n<p>Ker se zavedamo, da vam va\u0161a zasebnost in seznanjenost z procesi obdelave va\u0161ih osebnih podatkov veliko pomenita vas vabimo tudi, da si o posameznih segmentih varstva osebnih podatkov preberete ve\u010d v\u00a0<a href=\"https:\/\/www.ip-rs.si\/publikacije\/prirocniki-in-smernice\/\" target=\"_blank\" rel=\"noopener noreferrer\">smernicah Informacijskega poobla\u0161\u010denca<\/a>, ki na obmo\u010dju Republike Slovenije deluje kot pristojni dr\u017eavni organ za nadzor zakonskega okvira varstva osebnih podatkov.<\/p>\n<h4>Obdelava osebnih podatkov<\/h4>\n<p>Osebni podatek je informacija, ki vas identificira kot posameznika: va\u0161e ime, priimek, elektronski ali navadni naslov ipd.<\/p>\n<p>Za potrebe poslovanja ponudnik zbira naslednje uporabnikove podatke:<\/p>\n<ul>\n<li>ime in priimek,<\/li>\n<li>naslov in kraj bivanja,<\/li>\n<li>naslov elektronske po\u0161te (tvoje uporabni\u0161ko ime),<\/li>\n<li>kontaktno telefonsko \u0161tevilko,<\/li>\n<li>geslo v \u0161ifrirani obliki,<\/li>\n<li>ter ostale podatke, ki jih vnesete na relevantne obrazce na spletni strani.<\/li>\n<\/ul>\n<p>Z registracijo in\/ali z oddajo naro\u010dila na spletni strani izrecno sogla\u0161ate, da lahko ponudnik pridobljene osebne podatke (ime in priimek, naslov prebivali\u0161\u010da, elektronski naslov in morebitne druge podatke, ki ste jih ponudniku posredovali za namene izpolnitve pogodbe \u2013 naro\u010dila prostovoljno posreduje kupec), razen za namene pogajanj za sklenitev pogodbe ali za izpolnitev pogodbe \u2013 naro\u010dila (kot dolo\u010deno v 10. \u010dlenu veljavnega Zakona o varstvu osebnih podatkov), uporabi tudi za namene neposrednega tr\u017eenja prek vseh ogla\u0161evalskih kanalov, ki jih uporablja ponudnik (obve\u0161\u010danje prek telefona in SMS-ov, tiskanih medijev, nenaslovljene in naslovljene direktne po\u0161te, elektronske po\u0161te, itd.), ter za potrebe z neposrednim tr\u017eenjem povezane statisti\u010dne in tr\u017ene analize, marketin\u0161ko profiliranje in segmentacijo. Na ta na\u010din bomo poskrbeli, da boste o na\u0161ih aktualnih ponudbah ves \u010das primerno obve\u0161\u010deni, hkrati pa boste obve\u0161\u010deni zgolj o ponudbah izdelkov, ki najbolj ustrezajo va\u0161im \u017eeljam.<\/p>\n<p>Kot kupec morate soglasje za izvajanje neposrednega tr\u017eenja prek elektronske po\u0161te ponudniku izrecno podati tudi ob registraciji in\/ali oddaji naro\u010dila na spletni strani z ozna\u010ditvijo \u00bbPrijavite se na novice\u00ab. V nasprotnem primeru neposrednega tr\u017eenja prek elektronske po\u0161te kupec ne bo dele\u017een s tem pa tudi ne bo predhodno primerno obve\u0161\u010den o spletnih akcijah ponudnika.<\/p>\n<p>Soglasje za obdelavo osebnih podatkov (dano bodisi preko spleta bodisi preko drugega prodajnega kanala) lahko kadarkoli brezpla\u010dno prekli\u010dete s klicem na telefonsko \u0161tevilko +386 40 233 225 in sicer lahko podate preklic soglasja za namene neposrednega tr\u017eenja in sicer bodisi za posamezne ogla\u0161evalske kanale, bodisi za vse ogla\u0161evalske kanale.<\/p>\n<p>Obenem lahko preklic soglasja za izvedbo neposrednega tr\u017eenja prek elektronske po\u0161te uredite:<\/p>\n<ul>\n<li>s posredovanjem povratne elektronske po\u0161te \u2013 kot odgovor na konkretno elektronsko sporo\u010dilo, ki ga ob vsakokratni izvedbi neposrednega tr\u017eenja prejme s strani ponudnika, in\/ali;<\/li>\n<li>z izpolnitvijo spletnega obrazca, povezava do katerega je navedena v vsakem elektronskem sporo\u010dilu, ki ga ob izvedbi neposrednega tr\u017eenja prejme s strani ponudnika.<\/li>\n<\/ul>\n<p>O mo\u017enosti preklica soglasja za izvedbo neposrednega tr\u017eenja prek elektronske po\u0161te boste vsakem elektronskem sporo\u010dilu ustrezno obve\u0161\u010dene.<\/p>\n<p>Ponudnik bo va\u0161o \u017eeljo po preklicu upo\u0161teval in najkasneje v 15 dneh dosledno uredil preklic soglasja za namen neposrednega tr\u017eenja prek doti\u010dnega oziroma vseh ogla\u0161evalskih kanalov ter vas o tem v nadaljnjih petih dneh pisno ali na drug dogovorjen na\u010din obvestil. Pri tem ne trpi te nobenih stro\u0161kov. Ponudnik vam vsem zagotavlja tudi vse ostale pravice skladno z veljavno zakonodajo, ki je opredeljena v nadaljevanju.<\/p>\n<p>Ponudnik bo kot upravljavec vse pridobljene osebne podatke obdeloval in varoval v skladu z vsakokrat veljavno relevantno zakonodajo, trenutno veljavnima:.<\/p>\n<ul>\n<li>Zakon o varstvu osebnih podatkov (Uradni list RS, \u0161t. 94\/07) in<\/li>\n<li>Zakon o elektronskih komunikacijah (Uradni list RS, \u0161t. 109\/12, 110\/13, 40\/14, 54\/14 in 81\/15),<\/li>\n<\/ul>\n<p>ter v skladu z morebitnimi notranjimi akti, sprejetimi na podlagi relevantne zakonodaje.<\/p>\n<p>Hkrati se zavezuje, da pridobljenih osebnih podatkov ponudnik ne bo posredoval tretjim osebam, razen pogodbenim obdelovalcem, s katerimi bo predhodno sklenil pisno pogodbo o obdelavi osebnih podatkov.<\/p>\n<h4>Varnost osebnih podatkov<\/h4>\n<p>Vse posredovane informacije so varovane pred vdorom tretjih oseb, kar vam zagotavlja brezskrbno in nemoteno poslovanje s ponudnikom.<\/p>\n<p>Varovanje osebnih podatkov na\u0161ih uporabnikov je pomembna skrb na\u0161ega podjetja. Politika zasebnosti obravnava ravnanje z informacijami, ki jih ponudnik dobi o vas, kadar obi\u0161\u010dete in uporabite na\u0161o spletno stran oziroma, ko na spletni strani izvedete druge aktivnosti (registracija in\/ali nakup izdelka).<\/p>\n<p>Ponudnik si mo\u010dno prizadeva za zagotovitev varnosti osebnih podatkov. Va\u0161i podatki so ves \u010das za\u0161\u010diteni pred izgubo, uni\u010denjem, ponarejanjem, manipuliranjem in neavtoriziranim dostopom ali neavtoriziranim odkritjem. Ponudnik za varstvo poskrbi z razli\u010dnimi ukrepi in informacijski mehanizmi, ki zagotavljajo nemoteno delovanje spletne strani in varnost prenosa podatkov na njej.<\/p>\n","protected":false},"excerpt":{"rendered":"<p>Pi\u0161kotki Spletna stran www.kbecan.com uporablja pi\u0161kotke. S pi\u0161kotki vas osebno ne identificiramo. Uporabljamo jih samo za bolj\u0161e delovanje spleti\u0161\u010da. Z uporabo tega spletnega mesta se strinjate, da spletno mesto www.kbecan.com nastavi pi\u0161kotke na va\u0161i napravi. Kaj so pi\u0161kotki? Pi\u0161kotki so manj\u0161e besedilne datoteke, obi\u010dajno iz \u010drk in \u0161tevilk, katere obiskano spletno mesto shrani v napravo &hellip;<\/p>\n","protected":false},"author":1,"featured_media":0,"parent":0,"menu_order":0,"comment_status":"closed","ping_status":"closed","template":"","meta":{"_acf_changed":false,"footnotes":""},"class_list":{"0":"post-4008","1":"page","2":"type-page","3":"status-publish","5":"clearfix","6":"article"},"acf":[],"yoast_head":"<!-- This site is optimized with the Yoast SEO plugin v26.7 - https:\/\/yoast.com\/wordpress\/plugins\/seo\/ -->\n<title>Pravno obvestilo in pi\u0161kotki - Climbing coaching Klemen Be\u010dan<\/title>\n<meta name=\"robots\" content=\"index, follow, max-snippet:-1, max-image-preview:large, max-video-preview:-1\" \/>\n<link rel=\"canonical\" href=\"https:\/\/www.kbecan.com\/sl\/pravno-obvestilo-piskotki\/\" \/>\n<meta property=\"og:locale\" content=\"sl_SI\" \/>\n<meta property=\"og:type\" content=\"article\" \/>\n<meta property=\"og:title\" content=\"Pravno obvestilo in pi\u0161kotki - Climbing coaching Klemen Be\u010dan\" \/>\n<meta property=\"og:description\" content=\"Pi\u0161kotki Spletna stran www.kbecan.com uporablja pi\u0161kotke. S pi\u0161kotki vas osebno ne identificiramo. Uporabljamo jih samo za bolj\u0161e delovanje spleti\u0161\u010da. Z uporabo tega spletnega mesta se strinjate, da spletno mesto www.kbecan.com nastavi pi\u0161kotke na va\u0161i napravi. Kaj so pi\u0161kotki? Pi\u0161kotki so manj\u0161e besedilne datoteke, obi\u010dajno iz \u010drk in \u0161tevilk, katere obiskano spletno mesto shrani v napravo &hellip;\" \/>\n<meta property=\"og:url\" content=\"https:\/\/www.kbecan.com\/sl\/pravno-obvestilo-piskotki\/\" \/>\n<meta property=\"og:site_name\" content=\"Climbing coaching Klemen Be\u010dan\" \/>\n<meta property=\"article:modified_time\" content=\"2020-08-17T17:54:47+00:00\" \/>\n<meta name=\"twitter:card\" content=\"summary_large_image\" \/>\n<meta name=\"twitter:label1\" content=\"Est. reading time\" \/>\n\t<meta name=\"twitter:data1\" content=\"8 minut\" \/>\n<script type=\"application\/ld+json\" class=\"yoast-schema-graph\">{\"@context\":\"https:\/\/schema.org\",\"@graph\":[{\"@type\":\"WebPage\",\"@id\":\"https:\/\/www.kbecan.com\/sl\/pravno-obvestilo-piskotki\/\",\"url\":\"https:\/\/www.kbecan.com\/sl\/pravno-obvestilo-piskotki\/\",\"name\":\"Pravno obvestilo in pi\u0161kotki - Climbing coaching Klemen Be\u010dan\",\"isPartOf\":{\"@id\":\"https:\/\/www.kbecan.com\/#website\"},\"datePublished\":\"2020-08-17T17:54:06+00:00\",\"dateModified\":\"2020-08-17T17:54:47+00:00\",\"breadcrumb\":{\"@id\":\"https:\/\/www.kbecan.com\/sl\/pravno-obvestilo-piskotki\/#breadcrumb\"},\"inLanguage\":\"sl-SI\",\"potentialAction\":[{\"@type\":\"ReadAction\",\"target\":[\"https:\/\/www.kbecan.com\/sl\/pravno-obvestilo-piskotki\/\"]}]},{\"@type\":\"BreadcrumbList\",\"@id\":\"https:\/\/www.kbecan.com\/sl\/pravno-obvestilo-piskotki\/#breadcrumb\",\"itemListElement\":[{\"@type\":\"ListItem\",\"position\":1,\"name\":\"Home\",\"item\":\"https:\/\/www.kbecan.com\/sl\/\"},{\"@type\":\"ListItem\",\"position\":2,\"name\":\"Pravno obvestilo in pi\u0161kotki\"}]},{\"@type\":\"WebSite\",\"@id\":\"https:\/\/www.kbecan.com\/#website\",\"url\":\"https:\/\/www.kbecan.com\/\",\"name\":\"Climbing coaching Klemen Be\u010dan\",\"description\":\"\",\"potentialAction\":[{\"@type\":\"SearchAction\",\"target\":{\"@type\":\"EntryPoint\",\"urlTemplate\":\"https:\/\/www.kbecan.com\/?s={search_term_string}\"},\"query-input\":{\"@type\":\"PropertyValueSpecification\",\"valueRequired\":true,\"valueName\":\"search_term_string\"}}],\"inLanguage\":\"sl-SI\"}]}<\/script>\n<!-- \/ Yoast SEO plugin. -->","yoast_head_json":{"title":"Pravno obvestilo in pi\u0161kotki - Climbing coaching Klemen Be\u010dan","robots":{"index":"index","follow":"follow","max-snippet":"max-snippet:-1","max-image-preview":"max-image-preview:large","max-video-preview":"max-video-preview:-1"},"canonical":"https:\/\/www.kbecan.com\/sl\/pravno-obvestilo-piskotki\/","og_locale":"sl_SI","og_type":"article","og_title":"Pravno obvestilo in pi\u0161kotki - Climbing coaching Klemen Be\u010dan","og_description":"Pi\u0161kotki Spletna stran www.kbecan.com uporablja pi\u0161kotke. S pi\u0161kotki vas osebno ne identificiramo. Uporabljamo jih samo za bolj\u0161e delovanje spleti\u0161\u010da. Z uporabo tega spletnega mesta se strinjate, da spletno mesto www.kbecan.com nastavi pi\u0161kotke na va\u0161i napravi. Kaj so pi\u0161kotki? Pi\u0161kotki so manj\u0161e besedilne datoteke, obi\u010dajno iz \u010drk in \u0161tevilk, katere obiskano spletno mesto shrani v napravo &hellip;","og_url":"https:\/\/www.kbecan.com\/sl\/pravno-obvestilo-piskotki\/","og_site_name":"Climbing coaching Klemen Be\u010dan","article_modified_time":"2020-08-17T17:54:47+00:00","twitter_card":"summary_large_image","twitter_misc":{"Est. reading time":"8 minut"},"schema":{"@context":"https:\/\/schema.org","@graph":[{"@type":"WebPage","@id":"https:\/\/www.kbecan.com\/sl\/pravno-obvestilo-piskotki\/","url":"https:\/\/www.kbecan.com\/sl\/pravno-obvestilo-piskotki\/","name":"Pravno obvestilo in pi\u0161kotki - Climbing coaching Klemen Be\u010dan","isPartOf":{"@id":"https:\/\/www.kbecan.com\/#website"},"datePublished":"2020-08-17T17:54:06+00:00","dateModified":"2020-08-17T17:54:47+00:00","breadcrumb":{"@id":"https:\/\/www.kbecan.com\/sl\/pravno-obvestilo-piskotki\/#breadcrumb"},"inLanguage":"sl-SI","potentialAction":[{"@type":"ReadAction","target":["https:\/\/www.kbecan.com\/sl\/pravno-obvestilo-piskotki\/"]}]},{"@type":"BreadcrumbList","@id":"https:\/\/www.kbecan.com\/sl\/pravno-obvestilo-piskotki\/#breadcrumb","itemListElement":[{"@type":"ListItem","position":1,"name":"Home","item":"https:\/\/www.kbecan.com\/sl\/"},{"@type":"ListItem","position":2,"name":"Pravno obvestilo in pi\u0161kotki"}]},{"@type":"WebSite","@id":"https:\/\/www.kbecan.com\/#website","url":"https:\/\/www.kbecan.com\/","name":"Climbing coaching Klemen Be\u010dan","description":"","potentialAction":[{"@type":"SearchAction","target":{"@type":"EntryPoint","urlTemplate":"https:\/\/www.kbecan.com\/?s={search_term_string}"},"query-input":{"@type":"PropertyValueSpecification","valueRequired":true,"valueName":"search_term_string"}}],"inLanguage":"sl-SI"}]}},"_links":{"self":[{"href":"https:\/\/www.kbecan.com\/sl\/wp-json\/wp\/v2\/pages\/4008","targetHints":{"allow":["GET"]}}],"collection":[{"href":"https:\/\/www.kbecan.com\/sl\/wp-json\/wp\/v2\/pages"}],"about":[{"href":"https:\/\/www.kbecan.com\/sl\/wp-json\/wp\/v2\/types\/page"}],"author":[{"embeddable":true,"href":"https:\/\/www.kbecan.com\/sl\/wp-json\/wp\/v2\/users\/1"}],"replies":[{"embeddable":true,"href":"https:\/\/www.kbecan.com\/sl\/wp-json\/wp\/v2\/comments?post=4008"}],"version-history":[{"count":1,"href":"https:\/\/www.kbecan.com\/sl\/wp-json\/wp\/v2\/pages\/4008\/revisions"}],"predecessor-version":[{"id":4009,"href":"https:\/\/www.kbecan.com\/sl\/wp-json\/wp\/v2\/pages\/4008\/revisions\/4009"}],"wp:attachment":[{"href":"https:\/\/www.kbecan.com\/sl\/wp-json\/wp\/v2\/media?parent=4008"}],"curies":[{"name":"wp","href":"https:\/\/api.w.org\/{rel}","templated":true}]}}