{"id":3667,"date":"2020-08-17T15:04:07","date_gmt":"2020-08-17T13:04:07","guid":{"rendered":"https:\/\/www.kbecan.com\/?page_id=3667"},"modified":"2025-01-31T14:21:17","modified_gmt":"2025-01-31T13:21:17","slug":"kontakt","status":"publish","type":"page","link":"https:\/\/www.kbecan.com\/sl\/kontakt\/","title":{"rendered":"Kontakt"},"content":{"rendered":"<div id=\"pl-3667\"  class=\"panel-layout\" ><div id=\"pg-3667-0\"  class=\"panel-grid panel-has-style\" ><div class=\"panel-row-style panel-row-style-for-3667-0\" ><div id=\"pgc-3667-0-0\"  class=\"panel-grid-cell\" ><div id=\"panel-3667-0-0-0\" class=\"so-panel widget widget_sow-editor panel-first-child\" data-index=\"0\" ><div\n\t\t\t\n\t\t\tclass=\"so-widget-sow-editor so-widget-sow-editor-base\"\n\t\t\t\n\t\t>\n<div class=\"siteorigin-widget-tinymce textwidget\">\n\t<h3>PI\u0160ITE NAM \/ REZERVACIJE<\/h3>\n<\/div>\n<\/div><\/div><div id=\"panel-3667-0-0-1\" class=\"so-panel widget widget_text\" data-index=\"1\" >\t\t\t<div class=\"textwidget\"><p>Za ve\u010d informacij o nas, na\u0161i ponudbi plezalnih treningov in ostalih storitev, nam pi\u0161ite ali nas pokli\u010dite!<\/p>\n<\/div>\n\t\t<\/div><div id=\"panel-3667-0-0-2\" class=\"so-panel widget widget_text panel-last-child\" data-index=\"2\" >\t\t\t<div class=\"textwidget\">\n<div class=\"wpcf7 no-js\" id=\"wpcf7-f3676-o1\" lang=\"en-US\" dir=\"ltr\" data-wpcf7-id=\"3676\">\n<div class=\"screen-reader-response\"><p role=\"status\" aria-live=\"polite\" aria-atomic=\"true\"><\/p> <ul><\/ul><\/div>\n<form action=\"\/sl\/wp-json\/wp\/v2\/pages\/3667#wpcf7-f3676-o1\" method=\"post\" class=\"wpcf7-form init\" aria-label=\"Contact form\" novalidate=\"novalidate\" data-status=\"init\">\n<fieldset class=\"hidden-fields-container\"><input type=\"hidden\" name=\"_wpcf7\" value=\"3676\" \/><input type=\"hidden\" name=\"_wpcf7_version\" value=\"6.1.4\" \/><input type=\"hidden\" name=\"_wpcf7_locale\" value=\"en_US\" \/><input type=\"hidden\" name=\"_wpcf7_unit_tag\" value=\"wpcf7-f3676-o1\" \/><input type=\"hidden\" name=\"_wpcf7_container_post\" value=\"0\" \/><input type=\"hidden\" name=\"_wpcf7_posted_data_hash\" value=\"\" \/><input type=\"hidden\" name=\"_wpcf7_recaptcha_response\" value=\"\" \/>\n<\/fieldset>\n<div class=\"row\">\n\t<div class=\"col-xs-12  col-lg-6\">\n\t\t<p><span class=\"wpcf7-form-control-wrap\" data-name=\"your-name\"><input size=\"40\" maxlength=\"400\" class=\"wpcf7-form-control wpcf7-text wpcf7-validates-as-required form-control\" aria-required=\"true\" aria-invalid=\"false\" placeholder=\"Va\u0161e ime*\" value=\"\" type=\"text\" name=\"your-name\" \/><\/span>\n\t\t<\/p>\n\t<\/div>\n\t<div class=\"col-xs-12  col-lg-6\">\n\t\t<p><span class=\"wpcf7-form-control-wrap\" data-name=\"your-email\"><input size=\"40\" maxlength=\"400\" class=\"wpcf7-form-control wpcf7-email wpcf7-validates-as-required wpcf7-text wpcf7-validates-as-email form-control\" aria-required=\"true\" aria-invalid=\"false\" placeholder=\"E-po\u0161ta*\" value=\"\" type=\"email\" name=\"your-email\" \/><\/span>\n\t\t<\/p>\n\t<\/div>\n\t<div class=\"col-xs-12\">\n\t\t<p><span class=\"wpcf7-form-control-wrap\" data-name=\"your-subject\"><input size=\"40\" maxlength=\"400\" class=\"wpcf7-form-control wpcf7-text form-control\" aria-invalid=\"false\" placeholder=\"Zadeva\" value=\"\" type=\"text\" name=\"your-subject\" \/><\/span>\n\t\t<\/p>\n\t<\/div>\n\t<div class=\"col-xs-12\">\n\t\t<p><span class=\"wpcf7-form-control-wrap\" data-name=\"your-message\"><textarea cols=\"40\" rows=\"10\" maxlength=\"2000\" class=\"wpcf7-form-control wpcf7-textarea wpcf7-validates-as-required form-control\" aria-required=\"true\" aria-invalid=\"false\" placeholder=\"Message\" name=\"your-message\"><\/textarea><\/span>\n\t\t<\/p>\n\t\t<div class=\"wpcf7-notice\" style=\"font-size: 16px;\">\n\t\t\t<p>Polja ozna\u010dena z * so obvezna.\n\t\t\t<\/p>\n\t\t<\/div>\n\t\t<p><input class=\"wpcf7-form-control wpcf7-submit has-spinner btn btn-primary\" type=\"submit\" value=\"PO\u0160LJI\" \/>\n\t\t<\/p>\n\t<\/div>\n<\/div><div class=\"wpcf7-response-output\" aria-hidden=\"true\"><\/div>\n<\/form>\n<\/div>\n\n<\/div>\n\t\t<\/div><\/div><div id=\"pgc-3667-0-1\"  class=\"panel-grid-cell\" ><div id=\"panel-3667-0-1-0\" class=\"so-panel widget widget_sow-editor panel-first-child\" data-index=\"3\" ><div class=\"panel-widget-style panel-widget-style-for-3667-0-1-0\" ><div\n\t\t\t\n\t\t\tclass=\"so-widget-sow-editor so-widget-sow-editor-base\"\n\t\t\t\n\t\t>\n<div class=\"siteorigin-widget-tinymce textwidget\">\n\t<h3>STOPITE Z NAMI V STIK<\/h3>\n<\/div>\n<\/div><\/div><\/div><div id=\"panel-3667-0-1-1\" class=\"so-panel widget widget_sow-editor\" data-index=\"4\" ><div class=\"panel-widget-style panel-widget-style-for-3667-0-1-1\" ><div\n\t\t\t\n\t\t\tclass=\"so-widget-sow-editor so-widget-sow-editor-base\"\n\t\t\t\n\t\t>\n<div class=\"siteorigin-widget-tinymce textwidget\">\n\t<p style=\"font-size: 16px;\"><span style=\"color: #666666;\"><span class=\"icon-container\"><span class=\"fa fa-envelope\" style=\"color:#2e3b4e;\"><\/span><\/span> \u00a0\u00a0kbecan@gmail.com<\/span><\/p>\n<p style=\"font-size: 16px;\"><span style=\"color: #666666;\"><span class=\"icon-container\"><span class=\"fa fa-phone\" style=\"color:#2e3b4e;\"><\/span><\/span>\u00a0 +386 40 233 225<\/span><\/p>\n<\/div>\n<\/div><\/div><\/div><div id=\"panel-3667-0-1-2\" class=\"so-panel widget widget_sow-editor\" data-index=\"5\" ><div class=\"panel-widget-style panel-widget-style-for-3667-0-1-2\" ><div\n\t\t\t\n\t\t\tclass=\"so-widget-sow-editor so-widget-sow-editor-base\"\n\t\t\t\n\t\t>\n<div class=\"siteorigin-widget-tinymce textwidget\">\n\t<h3>SLEDITE NAM<\/h3>\n<\/div>\n<\/div><\/div><\/div><div id=\"panel-3667-0-1-3\" class=\"so-panel widget widget_sow-editor\" data-index=\"6\" ><div class=\"aboutme panel-widget-style panel-widget-style-for-3667-0-1-3\" ><div\n\t\t\t\n\t\t\tclass=\"so-widget-sow-editor so-widget-sow-editor-base\"\n\t\t\t\n\t\t>\n<div class=\"siteorigin-widget-tinymce textwidget\">\n\t<p><a href=\"https:\/\/www.facebook.com\/kbecan25\" target=\"_blank\" rel=\"noopener noreferrer\"><span class=\"icon-container\"><span class=\"fa fa-facebook-f\" style=\"color:#2e3b4e;\"><\/span><\/span><\/a> <a href=\"https:\/\/www.instagram.com\/kbecan25\" target=\"_blank\" rel=\"noopener noreferrer\"><span class=\"icon-container\"><span class=\"fa fa-instagram\" style=\"color:#2e3b4e;\"><\/span><\/span><\/a> <a href=\"https:\/\/www.linkedin.com\/in\/kbecan\" target=\"_blank\" rel=\"noopener noreferrer\"><span class=\"icon-container\"><span class=\"fa fa-linkedin\" style=\"color:#2e3b4e;\"><\/span><\/span><\/a><\/p>\n<\/div>\n<\/div><\/div><\/div><div id=\"panel-3667-0-1-4\" class=\"so-panel widget widget_sow-editor\" data-index=\"7\" ><div class=\"panel-widget-style panel-widget-style-for-3667-0-1-4\" ><div\n\t\t\t\n\t\t\tclass=\"so-widget-sow-editor so-widget-sow-editor-base\"\n\t\t\t\n\t\t>\n<div class=\"siteorigin-widget-tinymce textwidget\">\n\t<h3>PODATKI O PODJETJU<\/h3>\n<\/div>\n<\/div><\/div><\/div><div id=\"panel-3667-0-1-5\" class=\"so-panel widget widget_sow-editor panel-last-child\" data-index=\"8\" ><div class=\"panel-widget-style panel-widget-style-for-3667-0-1-5\" ><div\n\t\t\t\n\t\t\tclass=\"so-widget-sow-editor so-widget-sow-editor-base\"\n\t\t\t\n\t\t>\n<div class=\"siteorigin-widget-tinymce textwidget\">\n\t<p>Klemen Be\u010dan s.p.<br \/>\nPartizanska cesta 2<br \/>\n1381 Rakek<br \/>\nSlovenija<\/p>\n<p>Dav\u010dna \u0161tevilka: SI 61166600<br \/>\nMati\u010dna \u0161tevilka: 8191794000<br \/>\nIBAN: SI56 3000 0002 4605 347 (Sberbank d.d.)<br \/>\nBIC\/SWIFT: SABRSI2X<\/p>\n<\/div>\n<\/div><\/div><\/div><\/div><\/div><\/div><\/div>","protected":false},"excerpt":{"rendered":"<p>PI\u0160ITE NAM \/ REZERVACIJE Za ve\u010d informacij o nas, na\u0161i ponudbi plezalnih treningov in ostalih storitev, nam pi\u0161ite ali nas pokli\u010dite! STOPITE Z NAMI V STIK \u00a0\u00a0kbecan@gmail.com \u00a0 +386 40 233 225 SLEDITE NAM PODATKI O PODJETJU Klemen Be\u010dan s.p. Partizanska cesta 2 1381 Rakek Slovenija Dav\u010dna \u0161tevilka: SI 61166600 Mati\u010dna \u0161tevilka: 8191794000 IBAN: SI56 &hellip;<\/p>\n","protected":false},"author":1,"featured_media":0,"parent":0,"menu_order":0,"comment_status":"closed","ping_status":"closed","template":"","meta":{"_acf_changed":false,"footnotes":""},"class_list":{"0":"post-3667","1":"page","2":"type-page","3":"status-publish","5":"clearfix","6":"article"},"acf":[],"yoast_head":"<!-- This site is optimized with the Yoast SEO plugin v26.7 - https:\/\/yoast.com\/wordpress\/plugins\/seo\/ -->\n<title>Kontakt - Climbing coaching Klemen Be\u010dan<\/title>\n<meta name=\"description\" content=\"Ste pripravljeni popeljati svoje plezanje na naslednjo raven? Pi\u0161ite nam \u0161e danes in se pogovorimo o va\u0161ih ciljih. Izpolnite spodnji obrazec.\" \/>\n<meta name=\"robots\" content=\"index, follow, max-snippet:-1, max-image-preview:large, max-video-preview:-1\" \/>\n<link rel=\"canonical\" href=\"https:\/\/www.kbecan.com\/sl\/kontakt\/\" \/>\n<meta property=\"og:locale\" content=\"sl_SI\" \/>\n<meta property=\"og:type\" content=\"article\" \/>\n<meta property=\"og:title\" content=\"Kontakt - Climbing coaching Klemen Be\u010dan\" \/>\n<meta property=\"og:description\" content=\"Ste pripravljeni popeljati svoje plezanje na naslednjo raven? Pi\u0161ite nam \u0161e danes in se pogovorimo o va\u0161ih ciljih. Izpolnite spodnji obrazec.\" \/>\n<meta property=\"og:url\" content=\"https:\/\/www.kbecan.com\/sl\/kontakt\/\" \/>\n<meta property=\"og:site_name\" content=\"Climbing coaching Klemen Be\u010dan\" \/>\n<meta property=\"article:modified_time\" content=\"2025-01-31T13:21:17+00:00\" \/>\n<meta name=\"twitter:card\" content=\"summary_large_image\" \/>\n<meta name=\"twitter:label1\" content=\"Est. reading time\" \/>\n\t<meta name=\"twitter:data1\" content=\"1 minuta\" \/>\n<script type=\"application\/ld+json\" class=\"yoast-schema-graph\">{\"@context\":\"https:\/\/schema.org\",\"@graph\":[{\"@type\":\"WebPage\",\"@id\":\"https:\/\/www.kbecan.com\/sl\/kontakt\/\",\"url\":\"https:\/\/www.kbecan.com\/sl\/kontakt\/\",\"name\":\"Kontakt - Climbing coaching Klemen Be\u010dan\",\"isPartOf\":{\"@id\":\"https:\/\/www.kbecan.com\/#website\"},\"datePublished\":\"2020-08-17T13:04:07+00:00\",\"dateModified\":\"2025-01-31T13:21:17+00:00\",\"description\":\"Ste pripravljeni popeljati svoje plezanje na naslednjo raven? Pi\u0161ite nam \u0161e danes in se pogovorimo o va\u0161ih ciljih. Izpolnite spodnji obrazec.\",\"breadcrumb\":{\"@id\":\"https:\/\/www.kbecan.com\/sl\/kontakt\/#breadcrumb\"},\"inLanguage\":\"sl-SI\",\"potentialAction\":[{\"@type\":\"ReadAction\",\"target\":[\"https:\/\/www.kbecan.com\/sl\/kontakt\/\"]}]},{\"@type\":\"BreadcrumbList\",\"@id\":\"https:\/\/www.kbecan.com\/sl\/kontakt\/#breadcrumb\",\"itemListElement\":[{\"@type\":\"ListItem\",\"position\":1,\"name\":\"Home\",\"item\":\"https:\/\/www.kbecan.com\/sl\/\"},{\"@type\":\"ListItem\",\"position\":2,\"name\":\"Kontakt\"}]},{\"@type\":\"WebSite\",\"@id\":\"https:\/\/www.kbecan.com\/#website\",\"url\":\"https:\/\/www.kbecan.com\/\",\"name\":\"Climbing coaching Klemen Be\u010dan\",\"description\":\"\",\"potentialAction\":[{\"@type\":\"SearchAction\",\"target\":{\"@type\":\"EntryPoint\",\"urlTemplate\":\"https:\/\/www.kbecan.com\/?s={search_term_string}\"},\"query-input\":{\"@type\":\"PropertyValueSpecification\",\"valueRequired\":true,\"valueName\":\"search_term_string\"}}],\"inLanguage\":\"sl-SI\"}]}<\/script>\n<!-- \/ Yoast SEO plugin. -->","yoast_head_json":{"title":"Kontakt - Climbing coaching Klemen Be\u010dan","description":"Ste pripravljeni popeljati svoje plezanje na naslednjo raven? Pi\u0161ite nam \u0161e danes in se pogovorimo o va\u0161ih ciljih. Izpolnite spodnji obrazec.","robots":{"index":"index","follow":"follow","max-snippet":"max-snippet:-1","max-image-preview":"max-image-preview:large","max-video-preview":"max-video-preview:-1"},"canonical":"https:\/\/www.kbecan.com\/sl\/kontakt\/","og_locale":"sl_SI","og_type":"article","og_title":"Kontakt - Climbing coaching Klemen Be\u010dan","og_description":"Ste pripravljeni popeljati svoje plezanje na naslednjo raven? Pi\u0161ite nam \u0161e danes in se pogovorimo o va\u0161ih ciljih. Izpolnite spodnji obrazec.","og_url":"https:\/\/www.kbecan.com\/sl\/kontakt\/","og_site_name":"Climbing coaching Klemen Be\u010dan","article_modified_time":"2025-01-31T13:21:17+00:00","twitter_card":"summary_large_image","twitter_misc":{"Est. reading time":"1 minuta"},"schema":{"@context":"https:\/\/schema.org","@graph":[{"@type":"WebPage","@id":"https:\/\/www.kbecan.com\/sl\/kontakt\/","url":"https:\/\/www.kbecan.com\/sl\/kontakt\/","name":"Kontakt - Climbing coaching Klemen Be\u010dan","isPartOf":{"@id":"https:\/\/www.kbecan.com\/#website"},"datePublished":"2020-08-17T13:04:07+00:00","dateModified":"2025-01-31T13:21:17+00:00","description":"Ste pripravljeni popeljati svoje plezanje na naslednjo raven? Pi\u0161ite nam \u0161e danes in se pogovorimo o va\u0161ih ciljih. Izpolnite spodnji obrazec.","breadcrumb":{"@id":"https:\/\/www.kbecan.com\/sl\/kontakt\/#breadcrumb"},"inLanguage":"sl-SI","potentialAction":[{"@type":"ReadAction","target":["https:\/\/www.kbecan.com\/sl\/kontakt\/"]}]},{"@type":"BreadcrumbList","@id":"https:\/\/www.kbecan.com\/sl\/kontakt\/#breadcrumb","itemListElement":[{"@type":"ListItem","position":1,"name":"Home","item":"https:\/\/www.kbecan.com\/sl\/"},{"@type":"ListItem","position":2,"name":"Kontakt"}]},{"@type":"WebSite","@id":"https:\/\/www.kbecan.com\/#website","url":"https:\/\/www.kbecan.com\/","name":"Climbing coaching Klemen Be\u010dan","description":"","potentialAction":[{"@type":"SearchAction","target":{"@type":"EntryPoint","urlTemplate":"https:\/\/www.kbecan.com\/?s={search_term_string}"},"query-input":{"@type":"PropertyValueSpecification","valueRequired":true,"valueName":"search_term_string"}}],"inLanguage":"sl-SI"}]}},"_links":{"self":[{"href":"https:\/\/www.kbecan.com\/sl\/wp-json\/wp\/v2\/pages\/3667","targetHints":{"allow":["GET"]}}],"collection":[{"href":"https:\/\/www.kbecan.com\/sl\/wp-json\/wp\/v2\/pages"}],"about":[{"href":"https:\/\/www.kbecan.com\/sl\/wp-json\/wp\/v2\/types\/page"}],"author":[{"embeddable":true,"href":"https:\/\/www.kbecan.com\/sl\/wp-json\/wp\/v2\/users\/1"}],"replies":[{"embeddable":true,"href":"https:\/\/www.kbecan.com\/sl\/wp-json\/wp\/v2\/comments?post=3667"}],"version-history":[{"count":12,"href":"https:\/\/www.kbecan.com\/sl\/wp-json\/wp\/v2\/pages\/3667\/revisions"}],"predecessor-version":[{"id":10339,"href":"https:\/\/www.kbecan.com\/sl\/wp-json\/wp\/v2\/pages\/3667\/revisions\/10339"}],"wp:attachment":[{"href":"https:\/\/www.kbecan.com\/sl\/wp-json\/wp\/v2\/media?parent=3667"}],"curies":[{"name":"wp","href":"https:\/\/api.w.org\/{rel}","templated":true}]}}